{"id":1332,"date":"2025-08-25T08:08:20","date_gmt":"2025-08-25T06:08:20","guid":{"rendered":"https:\/\/das-bodmi.ch\/actuel-ou-interessant\/"},"modified":"2026-02-04T21:21:05","modified_gmt":"2026-02-04T20:21:05","slug":"actuel-ou-interessant","status":"publish","type":"page","link":"https:\/\/das-bodmi.ch\/fr\/actuel-ou-interessant\/","title":{"rendered":"Actuel ou int\u00e9ressant"},"content":{"rendered":"\n<div class=\"dasbodmi-subhero alignfull\" id=\"dasbodmi-subhero-block_2cf42211954069e91f007effaa8ead52\" style=\"background-image: url(https:\/\/das-bodmi.ch\/wp-content\/uploads\/2025\/08\/9243beeed988d2a2f80074ce7a163b8982aaaacd.avif);\">\n    <div class=\"dasbodmi-hero-content\" id=\"\">\n        \n                    <h1 class=\"dasbodmi-hero-title\">Actuel ou int\u00e9ressant<\/h1>\n        \n    <\/div>\n    \n    <!-- Custom Gradient Overlay -->\n    <style>\n        #dasbodmi-subhero-block_2cf42211954069e91f007effaa8ead52::before {\n            background: linear-gradient(270deg, rgba(50, 50, 50, 0.85) 0%, rgba(50, 50, 50, 0.55) 38.56%, rgba(50, 50, 50, 0) 55.38%, rgba(50, 50, 50, 0.5) 84.23%, rgba(50, 50, 50, 0.7) 100%) !important;\n        }\n        #dasbodmi-subhero-block_2cf42211954069e91f007effaa8ead52 {\n            background-position: centre haut;\n        }\n        #dasbodmi-subhero-block_2cf42211954069e91f007effaa8ead52 .dasbodmi-hero-content {\n            max-width: 1000px;\n        }\n    <\/style>\n<\/div><style>\n    #dasbodmi-title-block_bb98de30c34e25e7c7e728061ba06c64 {\n        position: relative;\n        display: flex;\n        justify-content: center;\n        align-items: center;\n        height: 280px;\n        background-image: url(https:\/\/das-bodmi.ch\/wp-content\/uploads\/2025\/07\/be0904cf0bcfd9b7ff3fd59f1797d1da381848d8-scaled.avif);\n    }\n<\/style>\n<div class=\"dasbodmi-title-block-wrap dasbodmi-title alignfull normal\" id=\"dasbodmi-title-block_bb98de30c34e25e7c7e728061ba06c64\">\n    <div class=\"title-area\" id=\"news\">\n                <div class=\"title-wrap\">\n                            <h2 class=\"dasbodmi-title-block\">Actualit\u00e9s BODMI<\/h2>\n                    <\/div>\n    <\/div>\n<\/div>\n\n<style>\n    #dasbodmi-blog-block_078d955607f675c7caf275d8dae9cadb {\n        grid-template-columns: repeat(3, 1fr);\n    }\n<\/style>\n\n<div class=\"blog-block dasbodmi-blog alignfull\" id=\"dasbodmi-blog-block_078d955607f675c7caf275d8dae9cadb\">\n            <div class=\"blog-item\" id=\"\">\n            <a href=\"https:\/\/das-bodmi.ch\/fr\/a-grindelwald-lherbe-juteuse-est-fauchee\/\">\n                <img decoding=\"async\" src=\"https:\/\/das-bodmi.ch\/wp-content\/uploads\/2025\/08\/1758205770post_image8.avif\" alt=\"\u00c0 Grindelwald, l&rsquo;herbe juteuse est fauch\u00e9e\">\n                <div class=\"inner-content\">\n                    <h3>\u00c0 Grindelwald, l&rsquo;herbe juteuse est fauch\u00e9e<\/h3>\n                    <p>\ud83c\udf31\ud83d\ude9c A Grindelwald, l&rsquo;herbe juteuse est fauch\u00e9e &#8211; pour que nos vaches soient parfaitement nourries \ud83d\udc04\ud83d\udc9a. Leur lait donne naissance au lait unique de Grindelwald, r\u00e9put\u00e9 pour son go\u00fbt incomparable. Et le meilleur : chez nous, \u00e0 l&rsquo;h\u00f4tel Bodmi, vous&#8230;<\/p>\n                <\/div>\n            <\/a>\n        <\/div>\n                <div class=\"blog-item\" id=\"\">\n            <a href=\"https:\/\/das-bodmi.ch\/fr\/hotel-bodmi-wo-der-himmel-die-buehne-kuesst\/\">\n                <img decoding=\"async\" src=\"https:\/\/das-bodmi.ch\/wp-content\/uploads\/2025\/08\/1755961580post_image54.avif\" alt=\"H\u00f4tel BODMI &#8211; O\u00f9 le ciel embrasse la sc\u00e8ne.\">\n                <div class=\"inner-content\">\n                    <h3>H\u00f4tel BODMI &#8211; O\u00f9 le ciel embrasse la sc\u00e8ne.<\/h3>\n                    <p>Nos h\u00f4tes vivent des moments inoubliables lorsque les parapentistes atterrissent en douceur \u00e0 c\u00f4t\u00e9 de notre maison et profitent de la vue sur les Alpes. Le confort, l&rsquo;hospitalit\u00e9 chaleureuse et un panorama \u00e0 couper le souffle vous attendent. R\u00e9servez votre&#8230;<\/p>\n                <\/div>\n            <\/a>\n        <\/div>\n                <div class=\"blog-item\" id=\"\">\n            <a href=\"https:\/\/das-bodmi.ch\/fr\/eiger-bike-challenge-2025\/\">\n                <img decoding=\"async\" src=\"https:\/\/das-bodmi.ch\/wp-content\/uploads\/2025\/08\/1754728873post_image36.avif\" alt=\"Eiger Bike Challenge 2025!\">\n                <div class=\"inner-content\">\n                    <h3>Eiger Bike Challenge 2025!<\/h3>\n                    <p>L&rsquo;h\u00f4tel BODMI souhaite \u00e0 tous les participants bonne chance pour le l\u00e9gendaire Eiger Bike Challenge ! \ud83d\udcaa\ud83d\udd25 Montrez vos capacit\u00e9s, ressentez l&rsquo;adr\u00e9naline et d\u00e9couvrez la nature \u00e9poustouflante qui entoure le massif de l&rsquo;Eiger ! \ud83c\udfd4\ufe0f\u2728 Nous croisons les doigts et&#8230;<\/p>\n                <\/div>\n            <\/a>\n        <\/div>\n        <\/div>\n\n<getresponse-form form-id=\"3bd6647d-25a5-4215-bb18-6bf2756f53c0\" e=\"0\"><\/getresponse-form>\n","protected":false},"excerpt":{"rendered":"","protected":false},"author":1,"featured_media":0,"parent":0,"menu_order":0,"comment_status":"closed","ping_status":"closed","template":"","meta":{"_acf_changed":false,"footnotes":""},"class_list":["post-1332","page","type-page","status-publish","hentry"],"acf":[],"_links":{"self":[{"href":"https:\/\/das-bodmi.ch\/fr\/wp-json\/wp\/v2\/pages\/1332","targetHints":{"allow":["GET"]}}],"collection":[{"href":"https:\/\/das-bodmi.ch\/fr\/wp-json\/wp\/v2\/pages"}],"about":[{"href":"https:\/\/das-bodmi.ch\/fr\/wp-json\/wp\/v2\/types\/page"}],"author":[{"embeddable":true,"href":"https:\/\/das-bodmi.ch\/fr\/wp-json\/wp\/v2\/users\/1"}],"replies":[{"embeddable":true,"href":"https:\/\/das-bodmi.ch\/fr\/wp-json\/wp\/v2\/comments?post=1332"}],"version-history":[{"count":0,"href":"https:\/\/das-bodmi.ch\/fr\/wp-json\/wp\/v2\/pages\/1332\/revisions"}],"wp:attachment":[{"href":"https:\/\/das-bodmi.ch\/fr\/wp-json\/wp\/v2\/media?parent=1332"}],"curies":[{"name":"wp","href":"https:\/\/api.w.org\/{rel}","templated":true}]}}